{"id":37,"date":"2024-04-03T18:39:14","date_gmt":"2024-04-03T18:39:14","guid":{"rendered":"https:\/\/effectivetech.co.uk\/?page_id=37"},"modified":"2024-11-15T16:40:18","modified_gmt":"2024-11-15T16:40:18","slug":"crafting-the-future-the-ets-journey","status":"publish","type":"page","link":"https:\/\/effectivetech.co.uk\/hu\/crafting-the-future-the-ets-journey\/","title":{"rendered":"A J\u00f6v\u0151 Megalkot\u00e1sa: Az ETS Utaz\u00e1sa"},"content":{"rendered":"<p>Az audiovizu\u00e1lis technol\u00f3gia gyorsan fejl\u0151d\u0151 k\u00f6rnyezet\u00e9ben az Effective Tech Solutions Kft. (ETS) az innov\u00e1ci\u00f3 \u00e9s megb\u00edzhat\u00f3s\u00e1g f\u00e1kly\u00e1ja. Alap\u00edt\u00e1sunkat egy egyed\u00fcl\u00e1ll\u00f3 v\u00edzi\u00f3 hajtotta: hogy \u00fcgyfeleinket a legkiv\u00e1l\u00f3bb technol\u00f3giai megold\u00e1sokkal l\u00e1ssuk el, amelyek nemcsak megfelelnek, hanem fel\u00fcl is m\u00falj\u00e1k elv\u00e1r\u00e1saikat.<\/p>\n\n\n\n<p>T\u00f6bb mint k\u00e9t \u00e9vtizede az utunk szorosan \u00f6sszefon\u00f3dott a folyamatosan v\u00e1ltoz\u00f3 AV iparral, egy\u00fcttm\u0171k\u00f6dve olyan szervezetekkel, amelyek a speci\u00e1lis szoftverinnov\u00e1torokt\u00f3l a Samsunghoz hasonl\u00f3 \u00f3ri\u00e1sokig terjednek. Ez a sz\u00e9les k\u00f6r\u0171 tapasztalat nemcsak sz\u00e9les\u00edtette l\u00e1t\u00f3k\u00f6r\u00fcnket, hanem m\u00e9ly\u00edtette az AV \u00f6kosziszt\u00e9ma meg\u00e9rt\u00e9s\u00e9t is. Az AV technol\u00f3gi\u00e1k trendjeir\u0151l, \u00e1talakul\u00e1sair\u00f3l \u00e9s lehets\u00e9ges buktat\u00f3ir\u00f3l szerzett betekint\u00e9seink p\u00e1ratlanok, lehet\u0151v\u00e9 t\u00e9ve sz\u00e1munkra, hogy testreszabott tan\u00e1csokat ny\u00fajtsunk, amelyek \u00fcgyfeleinket saj\u00e1t ter\u00fclet\u00fck \u00e9lvonal\u00e1ba helyezik.<\/p>\n\n\n\n<figure class=\"wp-block-image size-large\"><img fetchpriority=\"high\" decoding=\"async\" width=\"1024\" height=\"585\" src=\"https:\/\/effectivetech.co.uk\/wp-content\/uploads\/2024\/04\/DALL\u00b7E-2024-04-03-19.37.52-A-sleek-banner-image-representing-innovation-in-audio-visual-technology.-Feature-a-streamlined-minimalist-design-showcasing-a-high-tech-conference-ro-1024x585.webp\" alt=\"\" class=\"wp-image-50\" srcset=\"https:\/\/effectivetech.co.uk\/wp-content\/uploads\/2024\/04\/DALL\u00b7E-2024-04-03-19.37.52-A-sleek-banner-image-representing-innovation-in-audio-visual-technology.-Feature-a-streamlined-minimalist-design-showcasing-a-high-tech-conference-ro-1024x585.webp 1024w, https:\/\/effectivetech.co.uk\/wp-content\/uploads\/2024\/04\/DALL\u00b7E-2024-04-03-19.37.52-A-sleek-banner-image-representing-innovation-in-audio-visual-technology.-Feature-a-streamlined-minimalist-design-showcasing-a-high-tech-conference-ro-300x171.webp 300w, https:\/\/effectivetech.co.uk\/wp-content\/uploads\/2024\/04\/DALL\u00b7E-2024-04-03-19.37.52-A-sleek-banner-image-representing-innovation-in-audio-visual-technology.-Feature-a-streamlined-minimalist-design-showcasing-a-high-tech-conference-ro-768x439.webp 768w, https:\/\/effectivetech.co.uk\/wp-content\/uploads\/2024\/04\/DALL\u00b7E-2024-04-03-19.37.52-A-sleek-banner-image-representing-innovation-in-audio-visual-technology.-Feature-a-streamlined-minimalist-design-showcasing-a-high-tech-conference-ro-1536x878.webp 1536w, https:\/\/effectivetech.co.uk\/wp-content\/uploads\/2024\/04\/DALL\u00b7E-2024-04-03-19.37.52-A-sleek-banner-image-representing-innovation-in-audio-visual-technology.-Feature-a-streamlined-minimalist-design-showcasing-a-high-tech-conference-ro.webp 1792w\" sizes=\"(max-width: 1024px) 100vw, 1024px\" \/><\/figure>\n\n\n\n<p>Az ETS-n\u00e9l hisz\u00fcnk a partners\u00e9gben. Megk\u00f6zel\u00edt\u00e9s\u00fcnk az, hogy szorosan egy\u00fcttm\u0171k\u00f6dj\u00fcnk \u00d6nnel, meg\u00e9rts\u00fck egyedi ig\u00e9nyeit, \u00e9s olyan tervez\u00e9si keretet alak\u00edtsunk ki, amely t\u00fckr\u00f6zi az \u00d6n v\u00edzi\u00f3j\u00e1t. A gondos aj\u00e1nlatk\u00e9sz\u00edt\u00e9st\u0151l a bonyolult harmadik f\u00e9l rendszerek integr\u00e1ci\u00f3j\u00e1nak kezel\u00e9s\u00e9ig biztos\u00edtjuk projektje z\u00f6kken\u0151mentes kivitelez\u00e9s\u00e9t, f\u00fcggetlen\u00fcl annak m\u00e9ret\u00e9t\u0151l. Szak\u00e9rtelm\u00fcnk az \u00d6n rendelkez\u00e9s\u00e9re \u00e1ll, k\u00e9szen arra, hogy vezesse \u00d6nt a modern AV megold\u00e1sok \u00f6sszetetts\u00e9gein kereszt\u00fcl, \u00e9s \u00faj n\u00f6veked\u00e9si \u00e9s innov\u00e1ci\u00f3s lehet\u0151s\u00e9geket nyisson meg.<\/p>\n\n\n\n<p>Megh\u00edvjuk \u00d6nt, hogy csatlakozzon hozz\u00e1nk ezen az utaz\u00e1son, az ETS t\u00f6bb, mint puszt\u00e1n szolg\u00e1ltat\u00f3; strat\u00e9giai partnere a folyamatosan fejl\u0151d\u0151 audiovizu\u00e1lis technol\u00f3gia vil\u00e1g\u00e1ban. L\u00e9pjen kapcsolatba vel\u00fcnk m\u00e9g ma, hogy felfedezz\u00fck, hogyan alak\u00edthatjuk \u00e1t projektj\u00e9t a k\u00f6vetkez\u0151 sikeres t\u00f6rt\u00e9net\u00fcnkk\u00e9.<\/p>\n\n\n\n<p><\/p>","protected":false},"excerpt":{"rendered":"<p>In the rapidly evolving landscape of audio-visual technology, Effective Tech Solutions Ltd (ETS) stands as a beacon of innovation and reliability. Our inception was driven by a singular vision: to empower our clients with &#8220;best of breed&#8221; technology solutions that not only meet but exceed their expectations. For over two decades, our journey has been [&hellip;]<\/p>","protected":false},"author":1,"featured_media":0,"parent":0,"menu_order":0,"comment_status":"closed","ping_status":"closed","template":"","meta":{"footnotes":""},"class_list":["post-37","page","type-page","status-publish","hentry"],"_links":{"self":[{"href":"https:\/\/effectivetech.co.uk\/hu\/wp-json\/wp\/v2\/pages\/37","targetHints":{"allow":["GET"]}}],"collection":[{"href":"https:\/\/effectivetech.co.uk\/hu\/wp-json\/wp\/v2\/pages"}],"about":[{"href":"https:\/\/effectivetech.co.uk\/hu\/wp-json\/wp\/v2\/types\/page"}],"author":[{"embeddable":true,"href":"https:\/\/effectivetech.co.uk\/hu\/wp-json\/wp\/v2\/users\/1"}],"replies":[{"embeddable":true,"href":"https:\/\/effectivetech.co.uk\/hu\/wp-json\/wp\/v2\/comments?post=37"}],"version-history":[{"count":3,"href":"https:\/\/effectivetech.co.uk\/hu\/wp-json\/wp\/v2\/pages\/37\/revisions"}],"predecessor-version":[{"id":51,"href":"https:\/\/effectivetech.co.uk\/hu\/wp-json\/wp\/v2\/pages\/37\/revisions\/51"}],"wp:attachment":[{"href":"https:\/\/effectivetech.co.uk\/hu\/wp-json\/wp\/v2\/media?parent=37"}],"curies":[{"name":"wp","href":"https:\/\/api.w.org\/{rel}","templated":true}]}}